{"id":2,"date":"2017-02-10T18:29:32","date_gmt":"2017-02-10T20:29:32","guid":{"rendered":"http:\/\/www.glutenfreecris.com.br\/?page_id=2"},"modified":"2017-03-16T11:40:06","modified_gmt":"2017-03-16T14:40:06","slug":"pagina-exemplo","status":"publish","type":"page","link":"https:\/\/www.glutenfreecris.com.br\/index.php\/pagina-exemplo\/","title":{"rendered":"GlutenFree CRIS"},"content":{"rendered":"<p><img loading=\"lazy\" decoding=\"async\" class=\"alignnone size-medium wp-image-20 aligncenter\" src=\"https:\/\/www.glutenfreecris.com.br\/wp-content\/uploads\/2017\/02\/IMG_1784-300x300.jpg\" alt=\"Cristina Franco\" width=\"300\" height=\"300\" \/><\/p>\n<p><strong>Dicas, receitas, viagens, restaurantes e entretenimento na dieta livre de gl\u00faten e lactose, entre outros.<\/strong><\/p>\n<p><span class=\"s1\">Intolerante ao gl\u00faten e a lactose, \u00a0o Glutenfree CRIS ser\u00e1\u00a0o\u00a0caminho de conte\u00fado\u00a0na sua dieta sem gl\u00faten. Apresento <\/span>dicas, receitas e solu\u00e7\u00f5es para uma vida glutenfree.<\/p>\n<p>Iniciamos em agosto de 2015 na plataforma Youtube, pensando em comunicar, conhecer, desenvolver e transformar a ideia que qualquer restri\u00e7\u00e3o alimentar \u00e9 positiva, leve e divertida. Buscar e compartilhar experi\u00eancias felizes \u00e9 o nosso desafio, e principal objetivo ser feliz agora!!<\/p>\n<p><iframe loading=\"lazy\" width=\"1170\" height=\"658\" src=\"https:\/\/www.youtube.com\/embed\/3KbVmAQzzSk?feature=oembed\" frameborder=\"0\" allowfullscreen><\/iframe><\/p>\n","protected":false},"excerpt":{"rendered":"<p>Dicas, receitas, viagens, restaurantes e entretenimento na dieta livre de gl\u00faten e lactose, entre outros. Intolerante ao gl\u00faten e a lactose, \u00a0o Glutenfree CRIS ser\u00e1\u00a0o\u00a0caminho de conte\u00fado\u00a0na sua dieta sem gl\u00faten. Apresento dicas, receitas e solu\u00e7\u00f5es para uma vida glutenfree.<a class=\"read-more\" href=\"https:\/\/www.glutenfreecris.com.br\/index.php\/pagina-exemplo\/\">Continue reading<\/a><\/p>\n","protected":false},"author":1,"featured_media":0,"parent":0,"menu_order":0,"comment_status":"closed","ping_status":"open","template":"","meta":{"jetpack_post_was_ever_published":false,"footnotes":""},"class_list":["post-2","page","type-page","status-publish","hentry"],"jetpack_sharing_enabled":true,"jetpack_shortlink":"https:\/\/wp.me\/P8oeak-2","_links":{"self":[{"href":"https:\/\/www.glutenfreecris.com.br\/index.php\/wp-json\/wp\/v2\/pages\/2","targetHints":{"allow":["GET"]}}],"collection":[{"href":"https:\/\/www.glutenfreecris.com.br\/index.php\/wp-json\/wp\/v2\/pages"}],"about":[{"href":"https:\/\/www.glutenfreecris.com.br\/index.php\/wp-json\/wp\/v2\/types\/page"}],"author":[{"embeddable":true,"href":"https:\/\/www.glutenfreecris.com.br\/index.php\/wp-json\/wp\/v2\/users\/1"}],"replies":[{"embeddable":true,"href":"https:\/\/www.glutenfreecris.com.br\/index.php\/wp-json\/wp\/v2\/comments?post=2"}],"version-history":[{"count":5,"href":"https:\/\/www.glutenfreecris.com.br\/index.php\/wp-json\/wp\/v2\/pages\/2\/revisions"}],"predecessor-version":[{"id":194,"href":"https:\/\/www.glutenfreecris.com.br\/index.php\/wp-json\/wp\/v2\/pages\/2\/revisions\/194"}],"wp:attachment":[{"href":"https:\/\/www.glutenfreecris.com.br\/index.php\/wp-json\/wp\/v2\/media?parent=2"}],"curies":[{"name":"wp","href":"https:\/\/api.w.org\/{rel}","templated":true}]}}